{"id":334,"date":"2022-10-20T14:07:23","date_gmt":"2022-10-20T14:07:23","guid":{"rendered":"https:\/\/michellapointeimmobilier.cp03.id-3.net\/details-de-propriete\/"},"modified":"2022-11-02T16:05:22","modified_gmt":"2022-11-02T16:05:22","slug":"details-de-propriete","status":"publish","type":"page","link":"https:\/\/michellapointeimmobilier.com\/details-de-propriete\/","title":{"rendered":"D\u00e9tails de propri\u00e9t\u00e9"},"content":{"rendered":"\t\t<div data-elementor-type=\"wp-page\" data-elementor-id=\"334\" class=\"elementor elementor-334\">\n\t\t\t\t\t\t<div class=\"elementor-inner\">\n\t\t\t\t<div class=\"elementor-section-wrap\">\n\t\t\t\t\t\t\t\t\t<section class=\"elementor-section elementor-top-section elementor-element elementor-element-506ab719 elementor-section-height-min-height elementor-section-items-stretch entete__global elementor-section-boxed elementor-section-height-default\" data-id=\"506ab719\" data-element_type=\"section\" data-settings=\"{&quot;background_background&quot;:&quot;classic&quot;}\">\n\t\t\t\t\t\t<div class=\"elementor-container elementor-column-gap-default\">\n\t\t\t\t\t\t\t<div class=\"elementor-row\">\n\t\t\t\t\t<div class=\"elementor-column elementor-col-50 elementor-top-column elementor-element elementor-element-144046f6\" data-id=\"144046f6\" data-element_type=\"column\">\n\t\t\t<div class=\"elementor-column-wrap elementor-element-populated\">\n\t\t\t\t\t\t\t<div class=\"elementor-widget-wrap\">\n\t\t\t\t\t\t\t\t<\/div>\n\t\t\t\t\t<\/div>\n\t\t<\/div>\n\t\t\t\t<div class=\"elementor-column elementor-col-50 elementor-top-column elementor-element elementor-element-5cc47963\" data-id=\"5cc47963\" data-element_type=\"column\">\n\t\t\t<div class=\"elementor-column-wrap elementor-element-populated\">\n\t\t\t\t\t\t\t<div class=\"elementor-widget-wrap\">\n\t\t\t\t\t\t<div class=\"elementor-element elementor-element-6c090274 elementor-widget__width-auto elementor-absolute elementor-widget elementor-widget-image\" data-id=\"6c090274\" data-element_type=\"widget\" data-settings=\"{&quot;_position&quot;:&quot;absolute&quot;}\" data-widget_type=\"image.default\">\n\t\t\t\t<div class=\"elementor-widget-container\">\n\t\t\t\t\t\t\t\t<div class=\"elementor-image\">\n\t\t\t\t\t\t\t\t\t\t\t\t<img decoding=\"async\" src=\"https:\/\/michellapointeimmobilier.cp03.id-3.net\/wp-content\/uploads\/2022\/10\/MichelLapointe_icone_glissade.svg\" title=\"\" alt=\"\" \/>\t\t\t\t\t\t\t\t\t\t\t\t\t\t<\/div>\n\t\t\t\t\t\t<\/div>\n\t\t\t\t<\/div>\n\t\t\t\t\t\t<\/div>\n\t\t\t\t\t<\/div>\n\t\t<\/div>\n\t\t\t\t\t\t\t\t<\/div>\n\t\t\t\t\t<\/div>\n\t\t<\/section>\n\t\t\t\t<section class=\"elementor-section elementor-top-section elementor-element elementor-element-21f1e663 elementor-section-boxed elementor-section-height-default elementor-section-height-default\" data-id=\"21f1e663\" data-element_type=\"section\">\n\t\t\t\t\t\t<div class=\"elementor-container elementor-column-gap-default\">\n\t\t\t\t\t\t\t<div class=\"elementor-row\">\n\t\t\t\t\t<div class=\"elementor-column elementor-col-100 elementor-top-column elementor-element elementor-element-6e7d61da\" data-id=\"6e7d61da\" data-element_type=\"column\">\n\t\t\t<div class=\"elementor-column-wrap elementor-element-populated\">\n\t\t\t\t\t\t\t<div class=\"elementor-widget-wrap\">\n\t\t\t\t\t\t<div class=\"elementor-element elementor-element-9d0efcd elementor-widget__width-auto elementor-fixed elementor-widget elementor-widget-global elementor-global-217 elementor-widget-html\" data-id=\"9d0efcd\" data-element_type=\"widget\" id=\"vertical__contact\" data-settings=\"{&quot;_position&quot;:&quot;fixed&quot;}\" data-widget_type=\"html.default\">\n\t\t\t\t<div class=\"elementor-widget-container\">\n\t\t\t<a href=\"tel:4384037739\"><\/a><img decoding=\"async\" src=\"\/wp-content\/uploads\/2022\/10\/MichelLapointe_icone_mobile.svg\">\n<span>438.403.7739<\/span>\t\t<\/div>\n\t\t\t\t<\/div>\n\t\t\t\t<div class=\"elementor-element elementor-element-3e41ed2f elementor-widget elementor-widget-shortcode\" data-id=\"3e41ed2f\" data-element_type=\"widget\" data-widget_type=\"shortcode.default\">\n\t\t\t\t<div class=\"elementor-widget-container\">\n\t\t\t\t\t<div class=\"elementor-shortcode\"><\/div>\n\t\t\t\t<\/div>\n\t\t\t\t<\/div>\n\t\t\t\t\t\t<\/div>\n\t\t\t\t\t<\/div>\n\t\t<\/div>\n\t\t\t\t\t\t\t\t<\/div>\n\t\t\t\t\t<\/div>\n\t\t<\/section>\n\t\t\t\t\t\t\t\t\t<\/div>\n\t\t\t<\/div>\n\t\t\t\t\t<\/div>\n\t\t","protected":false},"excerpt":{"rendered":"<p>438.403.7739<\/p>\n","protected":false},"author":1,"featured_media":0,"parent":0,"menu_order":0,"comment_status":"closed","ping_status":"closed","template":"","meta":[],"_links":{"self":[{"href":"https:\/\/michellapointeimmobilier.com\/en\/wp-json\/wp\/v2\/pages\/334"}],"collection":[{"href":"https:\/\/michellapointeimmobilier.com\/en\/wp-json\/wp\/v2\/pages"}],"about":[{"href":"https:\/\/michellapointeimmobilier.com\/en\/wp-json\/wp\/v2\/types\/page"}],"author":[{"embeddable":true,"href":"https:\/\/michellapointeimmobilier.com\/en\/wp-json\/wp\/v2\/users\/1"}],"replies":[{"embeddable":true,"href":"https:\/\/michellapointeimmobilier.com\/en\/wp-json\/wp\/v2\/comments?post=334"}],"version-history":[{"count":39,"href":"https:\/\/michellapointeimmobilier.com\/en\/wp-json\/wp\/v2\/pages\/334\/revisions"}],"predecessor-version":[{"id":1102,"href":"https:\/\/michellapointeimmobilier.com\/en\/wp-json\/wp\/v2\/pages\/334\/revisions\/1102"}],"wp:attachment":[{"href":"https:\/\/michellapointeimmobilier.com\/en\/wp-json\/wp\/v2\/media?parent=334"}],"curies":[{"name":"wp","href":"https:\/\/api.w.org\/{rel}","templated":true}]}}